{"id":3453,"date":"2018-07-12T23:01:11","date_gmt":"2018-07-12T20:01:11","guid":{"rendered":"https:\/\/dirisukilisesi.org\/?page_id=3453"},"modified":"2022-04-08T15:56:22","modified_gmt":"2022-04-08T12:56:22","slug":"hediye-incil","status":"publish","type":"page","link":"https:\/\/dirisukilisesi.org\/index.php\/hediye-incil\/","title":{"rendered":"Hediye \u0130ncil"},"content":{"rendered":"<section  class='av_textblock_section av-l1qfg7hg-65db44ff9f6a79946ba0f9d4ca3bb1bf'  itemscope=\"itemscope\" itemtype=\"https:\/\/schema.org\/CreativeWork\" ><div class='avia_textblock'  itemprop=\"text\" ><p style=\"text-align: center;\">A\u015fa\u011f\u0131daki butona t\u0131klayarak \u00fccretsiz \u0130ncil sipari\u015fi verebilirsiniz.<\/p>\n<\/div><\/section>\n<div  class='avia-button-wrap av-l1qfkb6c-ff01281734de73c2ac7d02bee6da66e7-wrap avia-button-center  avia-builder-el-1  el_after_av_textblock  avia-builder-el-last ' ><a href='https:\/\/bit.ly\/3iQvxU2' class='avia-button av-l1qfkb6c-ff01281734de73c2ac7d02bee6da66e7 avia-icon_select-yes-left-icon avia-size-medium avia-position-center avia-color-theme-color' target=\"_blank\" rel=\"noopener noreferrer\"><span class='avia_button_icon avia_button_icon_left' aria-hidden='true' data-av_icon='\ue84f' data-av_iconfont='entypo-fontello'><\/span><span class='avia_iconbox_title' >\u0130ncil Sipari\u015f<\/span><\/a><\/div>\n","protected":false},"excerpt":{"rendered":"","protected":false},"author":2,"featured_media":0,"parent":0,"menu_order":0,"comment_status":"closed","ping_status":"closed","template":"","meta":{"footnotes":""},"class_list":["post-3453","page","type-page","status-publish","hentry"],"_links":{"self":[{"href":"https:\/\/dirisukilisesi.org\/index.php\/wp-json\/wp\/v2\/pages\/3453","targetHints":{"allow":["GET"]}}],"collection":[{"href":"https:\/\/dirisukilisesi.org\/index.php\/wp-json\/wp\/v2\/pages"}],"about":[{"href":"https:\/\/dirisukilisesi.org\/index.php\/wp-json\/wp\/v2\/types\/page"}],"author":[{"embeddable":true,"href":"https:\/\/dirisukilisesi.org\/index.php\/wp-json\/wp\/v2\/users\/2"}],"replies":[{"embeddable":true,"href":"https:\/\/dirisukilisesi.org\/index.php\/wp-json\/wp\/v2\/comments?post=3453"}],"version-history":[{"count":0,"href":"https:\/\/dirisukilisesi.org\/index.php\/wp-json\/wp\/v2\/pages\/3453\/revisions"}],"wp:attachment":[{"href":"https:\/\/dirisukilisesi.org\/index.php\/wp-json\/wp\/v2\/media?parent=3453"}],"curies":[{"name":"wp","href":"https:\/\/api.w.org\/{rel}","templated":true}]}}