{"id":3531,"date":"2015-05-31T15:16:35","date_gmt":"2015-05-31T15:16:35","guid":{"rendered":"http:\/\/test.kriesi.at\/church\/?page_id=380"},"modified":"2019-03-28T16:19:19","modified_gmt":"2019-03-28T13:19:19","slug":"hizmetlerimiz","status":"publish","type":"page","link":"https:\/\/dirisukilisesi.org\/index.php\/kilisemizi-taniyin\/hizmetlerimiz\/","title":{"rendered":"Hizmetlerimiz"},"content":{"rendered":"\n<style type=\"text\/css\" data-created_by=\"avia_inline_auto\" id=\"style-css-av-pzxhor-a39c50c65b9211096ccce9c367ad6bff\">\n.avia-section.av-pzxhor-a39c50c65b9211096ccce9c367ad6bff{\nbackground-color:#ffffff;\nbackground-image:url(https:\/\/dirisukilisesi.org\/wp-content\/uploads\/2018\/10\/Hizmetlerimiz-e1540481530813.jpg);\nbackground-repeat:no-repeat;\nbackground-position:50% 0%;\nbackground-attachment:fixed;\n}\n<\/style>\n<div id='av_section_1'  class='avia-section av-pzxhor-a39c50c65b9211096ccce9c367ad6bff main_color avia-section-large avia-no-shadow  avia-builder-el-0  el_before_av_section  avia-builder-el-first  avia-full-contain avia-bg-style-fixed container_wrap sidebar_right'  data-section-bg-repeat='contain'><div class='container av-section-cont-open' ><main  role=\"main\" itemprop=\"mainContentOfPage\"  class='template-page content  av-content-small alpha units'><div class='post-entry post-entry-type-page post-entry-3531'><div class='entry-content-wrapper clearfix'>\n\n<style type=\"text\/css\" data-created_by=\"avia_inline_auto\" id=\"style-css-av-jtsnpkqz-d14f6dd73fda8dfaf493d8116e2beeec\">\n#top .av-special-heading.av-jtsnpkqz-d14f6dd73fda8dfaf493d8116e2beeec{\npadding-bottom:0;\ncolor:#ffffff;\nfont-size:50px;\n}\nbody .av-special-heading.av-jtsnpkqz-d14f6dd73fda8dfaf493d8116e2beeec .av-special-heading-tag .heading-char{\nfont-size:25px;\n}\n#top #wrap_all .av-special-heading.av-jtsnpkqz-d14f6dd73fda8dfaf493d8116e2beeec .av-special-heading-tag{\nfont-size:50px;\n}\n.av-special-heading.av-jtsnpkqz-d14f6dd73fda8dfaf493d8116e2beeec .special-heading-inner-border{\nborder-color:#ffffff;\n}\n.av-special-heading.av-jtsnpkqz-d14f6dd73fda8dfaf493d8116e2beeec .av-subheading{\nfont-size:15px;\n}\n\n@media only screen and (min-width: 480px) and (max-width: 767px){ \n#top #wrap_all .av-special-heading.av-jtsnpkqz-d14f6dd73fda8dfaf493d8116e2beeec .av-special-heading-tag{\nfont-size:0.8em;\n}\n}\n\n@media only screen and (max-width: 479px){ \n#top #wrap_all .av-special-heading.av-jtsnpkqz-d14f6dd73fda8dfaf493d8116e2beeec .av-special-heading-tag{\nfont-size:0.8em;\n}\n}\n<\/style>\n<div  class='av-special-heading av-jtsnpkqz-d14f6dd73fda8dfaf493d8116e2beeec av-special-heading-h3 custom-color-heading blockquote modern-quote modern-centered  avia-builder-el-1  el_before_av_hr  avia-builder-el-first  av-inherit-size'><h3 class='av-special-heading-tag'  itemprop=\"headline\"  >Hizmetlerimiz<\/h3><div class='av_custom_color av-subheading av-subheading_below'><p>Dirisu Kilisesi olarak verdi\u011fimiz baz\u0131 hizmetler.<\/p>\n<\/div><div class=\"special-heading-border\"><div class=\"special-heading-inner-border\"><\/div><\/div><\/div>\n\n<style type=\"text\/css\" data-created_by=\"avia_inline_auto\" id=\"style-css-av-malw6z-a1f8b4991ff438cb90446a8917d54826\">\n#top .hr.av-malw6z-a1f8b4991ff438cb90446a8917d54826{\nmargin-top:30px;\nmargin-bottom:30px;\n}\n.hr.av-malw6z-a1f8b4991ff438cb90446a8917d54826 .hr-inner{\nwidth:20%;\nborder-color:rgba(255,255,255,0.76);\nmax-width:45%;\n}\n.hr.av-malw6z-a1f8b4991ff438cb90446a8917d54826 .av-seperator-icon{\ncolor:#ffffff;\n}\n<\/style>\n<div  class='hr av-malw6z-a1f8b4991ff438cb90446a8917d54826 hr-custom  avia-builder-el-2  el_after_av_heading  avia-builder-el-last  hr-center hr-icon-yes'><span class='hr-inner inner-border-av-border-thin'><span class=\"hr-inner-style\"><\/span><\/span><span class='av-seperator-icon' aria-hidden='true' data-av_icon='\ue8bf' data-av_iconfont='entypo-fontello'><\/span><span class='hr-inner inner-border-av-border-thin'><span class=\"hr-inner-style\"><\/span><\/span><\/div>\n\n<\/div><\/div><\/main><!-- close content main element --><\/div><\/div><div id='av_section_2'  class='avia-section av-l5np7f-a61fed11893cc43b65f795288dfb416e main_color avia-section-small avia-no-border-styling  avia-builder-el-3  el_after_av_section  avia-builder-el-last  avia-bg-style-fixed container_wrap sidebar_right'  ><div class='container av-section-cont-open' ><div class='template-page content  av-content-small alpha units'><div class='post-entry post-entry-type-page post-entry-3531'><div class='entry-content-wrapper clearfix'>\n<div class='flex_column_table av-jiskmj-348115b5f7881316730c2317d2fd4941 sc-av_two_third av-equal-height-column-flextable'>\n<style type=\"text\/css\" data-created_by=\"avia_inline_auto\" id=\"style-css-av-jiskmj-348115b5f7881316730c2317d2fd4941\">\n#top .flex_column_table.av-equal-height-column-flextable.av-jiskmj-348115b5f7881316730c2317d2fd4941{\nmargin-top:-60px;\nmargin-bottom:0px;\n}\n.flex_column.av-jiskmj-348115b5f7881316730c2317d2fd4941{\n-webkit-border-radius:0px 0px 0px 0px;\n-moz-border-radius:0px 0px 0px 0px;\nborder-radius:0px 0px 0px 0px;\npadding:30px 30px 30px 30px;\nbackground-color:#ffffff;\n}\n<\/style>\n<div class='flex_column av-jiskmj-348115b5f7881316730c2317d2fd4941 av_two_third  avia-builder-el-4  el_before_av_one_third  avia-builder-el-first  first no_margin flex_column_table_cell av-equal-height-column av-align-top '     ><p>\n<style type=\"text\/css\" data-created_by=\"avia_inline_auto\" id=\"style-css-av-av_heading-efc7a635aea04e52c2ef9c6696a9188b\">\n#top .av-special-heading.av-av_heading-efc7a635aea04e52c2ef9c6696a9188b{\npadding-bottom:0;\n}\nbody .av-special-heading.av-av_heading-efc7a635aea04e52c2ef9c6696a9188b .av-special-heading-tag .heading-char{\nfont-size:25px;\n}\n.av-special-heading.av-av_heading-efc7a635aea04e52c2ef9c6696a9188b .av-subheading{\nfont-size:15px;\n}\n<\/style>\n<div  class='av-special-heading av-av_heading-efc7a635aea04e52c2ef9c6696a9188b av-special-heading-h3 blockquote modern-quote  avia-builder-el-5  el_before_av_heading  avia-builder-el-first  av-small-hide av-mini-hide'><h3 class='av-special-heading-tag'  itemprop=\"headline\"  >Hizmetlerimiz<\/h3><div class=\"special-heading-border\"><div class=\"special-heading-inner-border\"><\/div><\/div><\/div><br \/>\n\n<style type=\"text\/css\" data-created_by=\"avia_inline_auto\" id=\"style-css-av-jtsnzn2r-1b9b746306ea5e35a842dfa550a1685e\">\n#top .av-special-heading.av-jtsnzn2r-1b9b746306ea5e35a842dfa550a1685e{\nmargin:10px 0 0 0;\npadding-bottom:0;\n}\nbody .av-special-heading.av-jtsnzn2r-1b9b746306ea5e35a842dfa550a1685e .av-special-heading-tag .heading-char{\nfont-size:25px;\n}\n.av-special-heading.av-jtsnzn2r-1b9b746306ea5e35a842dfa550a1685e .av-subheading{\nfont-size:15px;\n}\n<\/style>\n<div  class='av-special-heading av-jtsnzn2r-1b9b746306ea5e35a842dfa550a1685e av-special-heading-h3 blockquote modern-quote  avia-builder-el-6  el_after_av_heading  el_before_av_textblock  av-desktop-hide av-medium-hide'><h3 class='av-special-heading-tag'  itemprop=\"headline\"  >Hizmetlerimiz<\/h3><div class=\"special-heading-border\"><div class=\"special-heading-inner-border\"><\/div><\/div><\/div><br \/>\n\n<style type=\"text\/css\" data-created_by=\"avia_inline_auto\" id=\"style-css-av-g2kwor-26c8992488d5b6654f3ffe1490694faa\">\n#top .av_textblock_section.av-g2kwor-26c8992488d5b6654f3ffe1490694faa .avia_textblock{\nfont-size:18px;\n}\n<\/style>\n<section  class='av_textblock_section av-g2kwor-26c8992488d5b6654f3ffe1490694faa'  itemscope=\"itemscope\" itemtype=\"https:\/\/schema.org\/CreativeWork\" ><div class='av-small-hide av-mini-hide avia_textblock'  itemprop=\"text\" ><p>Dirisu Kilisesi olarak \u015fuanda verdi\u011fimiz hizmetler&#8230;<\/p>\n<\/div><\/section><br \/>\n\n<style type=\"text\/css\" data-created_by=\"avia_inline_auto\" id=\"style-css-av-g2kwor-1c6abdc69a8c8c5e1a7779ad0431f14d\">\n#top .av_textblock_section.av-g2kwor-1c6abdc69a8c8c5e1a7779ad0431f14d .avia_textblock{\nfont-size:18px;\n}\n<\/style>\n<section  class='av_textblock_section av-g2kwor-1c6abdc69a8c8c5e1a7779ad0431f14d'  itemscope=\"itemscope\" itemtype=\"https:\/\/schema.org\/CreativeWork\" ><div class='av-desktop-hide av-medium-hide avia_textblock'  itemprop=\"text\" ><p>Dirisu Kilisesi olarak \u015fuanda verdi\u011fimiz hizmetler&#8230;<\/p>\n<\/div><\/section><br \/>\n\n<style type=\"text\/css\" data-created_by=\"avia_inline_auto\" id=\"style-css-av-ebjyl7-2eaa41371babcdccc3fec8d27923a02d\">\n#top .hr.av-ebjyl7-2eaa41371babcdccc3fec8d27923a02d{\nmargin-top:30px;\nmargin-bottom:30px;\n}\n.hr.av-ebjyl7-2eaa41371babcdccc3fec8d27923a02d .hr-inner{\nwidth:45%;\nborder-color:rgba(58,140,36,0.76);\nmax-width:45%;\n}\n<\/style>\n<div  class='hr av-ebjyl7-2eaa41371babcdccc3fec8d27923a02d hr-custom  avia-builder-el-9  el_after_av_textblock  el_before_av_masonry_gallery  avia-builder-el-last  hr-center hr-icon-yes'><span class='hr-inner inner-border-av-border-thin'><span class=\"hr-inner-style\"><\/span><\/span><span class='av-seperator-icon' aria-hidden='true' data-av_icon='\ue8bf' data-av_iconfont='entypo-fontello'><\/span><span class='hr-inner inner-border-av-border-thin'><span class=\"hr-inner-style\"><\/span><\/span><\/div><br \/>\n<div id='av-masonry-1' class='av-masonry av-cbw0i3-ec84d7156be7dc2df5635078c1d7d85e noHover av-fixed-size av-1px-gap av-hover-overlay-active av-masonry-animation-active av-masonry-col-2 av-caption-always av-caption-style- av-masonry-gallery '><div class=\"av-masonry-container isotope av-js-disabled\"><div class='av-masonry-entry isotope-item av-masonry-item-no-image '><\/div><div id='av-masonry-1-item-5671' data-av-masonry-item='5671' class='av-masonry-entry isotope-item post-5671 attachment type-attachment status-inherit hentry  av-masonry-item-with-image'    itemprop=\"thumbnailUrl\" ><div class='av-inner-masonry-sizer'><\/div><figure class='av-inner-masonry main_color'><div class=\"av-masonry-outerimage-container\"><div class='av-masonry-image-container' style=\"background-image: url(https:\/\/dirisukilisesi.org\/wp-content\/uploads\/2018\/10\/Kilisemiz-705x614.jpg);\"  title=\"Kilisemiz\"  ><\/div><\/div><figcaption class='av-inner-masonry-content site-background'><div class='av-inner-masonry-content-pos'><div class='av-inner-masonry-content-pos-content'><div class='avia-arrow'><\/div><h3 class='av-masonry-entry-title entry-title '  itemprop=\"headline\" >Kilisemiz<\/h3><div class='av-masonry-entry-content entry-content'  itemprop=\"text\" >Kilise hakk\u0131nda bilgiler<\/div><\/div><\/div><\/figcaption><\/figure><\/div><!--end av-masonry entry--><a href=\"https:\/\/dirisukilisesi.org\/index.php\/incil-calisma-gruplari\/\"  aria-label=\"image \u0130ncil \u00c7al\u0131\u015fma Gruplar\u0131\"  id='av-masonry-1-item-5670' data-av-masonry-item='5670' class='av-masonry-entry isotope-item post-5670 attachment type-attachment status-inherit hentry  av-masonry-item-with-image' title=\"\u0130ncil \u00c7al\u0131\u015fma Gruplar\u0131\" alt=\"\"  data-av-masonry-custom-link=\"https:\/\/dirisukilisesi.org\/index.php\/incil-calisma-gruplari\/\"  itemprop=\"thumbnailUrl\" ><div class='av-inner-masonry-sizer'><\/div><figure class='av-inner-masonry main_color'><div class=\"av-masonry-outerimage-container\"><div class='av-masonry-image-container' style=\"background-image: url(https:\/\/dirisukilisesi.org\/wp-content\/uploads\/2018\/10\/CalismaGruplari-705x397.jpg);\"  title=\"\u0130ncil \u00c7al\u0131\u015fma Gruplar\u0131\"  ><\/div><\/div><figcaption class='av-inner-masonry-content site-background'><div class='av-inner-masonry-content-pos'><div class='av-inner-masonry-content-pos-content'><div class='avia-arrow'><\/div><h3 class='av-masonry-entry-title entry-title '  itemprop=\"headline\" >\u0130ncil \u00c7al\u0131\u015fma Gruplar\u0131<\/h3><div class='av-masonry-entry-content entry-content'  itemprop=\"text\" >\u0130ncil \u00c7al\u0131\u015fma Gruplar\u0131 hakk\u0131nda bilgiler<\/div><\/div><\/div><\/figcaption><\/figure><\/a><!--end av-masonry entry--><a href=\"https:\/\/dirisukilisesi.org\/index.php\/vaftiz-toreni\/\"  aria-label=\"image Vaftiz T\u00f6reni\"  id='av-masonry-1-item-5850' data-av-masonry-item='5850' class='av-masonry-entry isotope-item post-5850 attachment type-attachment status-inherit hentry  av-masonry-item-with-image' title=\"Vaftiz T\u00f6reni\" alt=\"\"  data-av-masonry-custom-link=\"https:\/\/dirisukilisesi.org\/index.php\/vaftiz-toreni\/\"  itemprop=\"thumbnailUrl\" ><div class='av-inner-masonry-sizer'><\/div><figure class='av-inner-masonry main_color'><div class=\"av-masonry-outerimage-container\"><div class='av-masonry-image-container' style=\"background-image: url(https:\/\/dirisukilisesi.org\/wp-content\/uploads\/2018\/11\/01-2-705x466.jpg);\"  title=\"Vaftiz T\u00f6reni\"  ><\/div><\/div><figcaption class='av-inner-masonry-content site-background'><div class='av-inner-masonry-content-pos'><div class='av-inner-masonry-content-pos-content'><div class='avia-arrow'><\/div><h3 class='av-masonry-entry-title entry-title '  itemprop=\"headline\" >Vaftiz T\u00f6reni<\/h3><div class='av-masonry-entry-content entry-content'  itemprop=\"text\" >Vaftiz T\u00f6reni<\/div><\/div><\/div><\/figcaption><\/figure><\/a><!--end av-masonry entry--><a href=\"https:\/\/dirisukilisesi.org\/index.php\/event\/dua-aksami\/\"  aria-label=\"image Dua Ak\u015fam\u0131\"  id='av-masonry-1-item-4984' data-av-masonry-item='4984' class='av-masonry-entry isotope-item post-4984 attachment type-attachment status-inherit hentry  av-masonry-item-with-image' title=\"Dua Ak\u015fam\u0131\" alt=\"\"  data-av-masonry-custom-link=\"https:\/\/dirisukilisesi.org\/index.php\/event\/dua-aksami\/\"  itemprop=\"thumbnailUrl\" ><div class='av-inner-masonry-sizer'><\/div><figure class='av-inner-masonry main_color'><div class=\"av-masonry-outerimage-container\"><div class='av-masonry-image-container' style=\"background-image: url(https:\/\/dirisukilisesi.org\/wp-content\/uploads\/2018\/08\/DuaAksami.jpg);\"  title=\"Dua Ak\u015fam\u0131\"  ><\/div><\/div><figcaption class='av-inner-masonry-content site-background'><div class='av-inner-masonry-content-pos'><div class='av-inner-masonry-content-pos-content'><div class='avia-arrow'><\/div><h3 class='av-masonry-entry-title entry-title '  itemprop=\"headline\" >Dua Ak\u015fam\u0131<\/h3><div class='av-masonry-entry-content entry-content'  itemprop=\"text\" >Dua Ak\u015fam\u0131 hakk\u0131nda bilgiler<\/div><\/div><\/div><\/figcaption><\/figure><\/a><!--end av-masonry entry--><\/div><div class='av-masonry-pagination av-masonry-pagination-pagination'><nav class='pagination'><span class='pagination-meta'>Page 1 of 0<\/span><\/nav>\n<\/div><\/div><\/p><\/div>\n<style type=\"text\/css\" data-created_by=\"avia_inline_auto\" id=\"style-css-av-apgbh7-33060eb6dd744cbb5d34851f674906c6\">\n#top .flex_column_table.av-equal-height-column-flextable.av-apgbh7-33060eb6dd744cbb5d34851f674906c6{\nmargin-top:-60px;\nmargin-bottom:0px;\n}\n.flex_column.av-apgbh7-33060eb6dd744cbb5d34851f674906c6{\n-webkit-border-radius:0px 0px 0px 0px;\n-moz-border-radius:0px 0px 0px 0px;\nborder-radius:0px 0px 0px 0px;\npadding:30px 30px 30px 30px;\nbackground-color:#f7edaa;\n}\n<\/style>\n<div class='flex_column av-apgbh7-33060eb6dd744cbb5d34851f674906c6 av_one_third  avia-builder-el-11  el_after_av_two_third  avia-builder-el-last  no_margin flex_column_table_cell av-equal-height-column av-align-top av-hide-on-mobile '     ><p><section  class='av_textblock_section av-6u23m3-22b94c610ed6a27033d9e460cdac8748'  itemscope=\"itemscope\" itemtype=\"https:\/\/schema.org\/CreativeWork\" ><div class='av-small-hide av-mini-hide avia_textblock'  itemprop=\"text\" ><p><span style=\"color: #000000;\">\u201cB\u00f6ylelikle b\u00fct\u00fcn \u0130srail halk\u0131 \u015funu kesinlikle bilsin: Tanr\u0131, sizin \u00e7arm\u0131ha gerdi\u011finiz \u0130sa&#8217;y\u0131 hem Rab hem Mesih yapm\u0131\u015ft\u0131r.\u201d Bu s\u00f6zleri duyanlar, y\u00fcreklerine han\u00e7er saplanm\u0131\u015f gibi oldular. Petrus ve \u00f6b\u00fcr el\u00e7ilere, \u201cKarde\u015fler, ne yapmal\u0131y\u0131z?\u201d diye sordular. Petrus onlara \u015fu kar\u015f\u0131l\u0131\u011f\u0131 verdi: \u201cT\u00f6vbe edin, her biriniz \u0130sa Mesih&#8217;in ad\u0131yla vaftiz olsun. B\u00f6ylece g\u00fcnahlar\u0131n\u0131z ba\u011f\u0131\u015flanacak ve Kutsal Ruh arma\u011fan\u0131n\u0131 alacaks\u0131n\u0131z. Bu vaat sizler, \u00e7ocuklar\u0131n\u0131z, uzaktakilerin hepsi i\u00e7in, Tanr\u0131m\u0131z Rab&#8217;bin \u00e7a\u011f\u0131raca\u011f\u0131 herkes i\u00e7in ge\u00e7erlidir.\u201d Petrus daha bir\u00e7ok s\u00f6zlerle onlar\u0131 uyard\u0131. \u201cKendinizi bu sap\u0131k ku\u015faktan kurtar\u0131n!\u201d diye yalvard\u0131. Onun s\u00f6z\u00fcn\u00fc benimseyenler vaftiz oldu. O g\u00fcn yakla\u015f\u0131k \u00fc\u00e7 bin ki\u015fi toplulu\u011fa kat\u0131ld\u0131. Bunlar kendilerini el\u00e7ilerin \u00f6\u011fretisine, payda\u015fl\u0131\u011fa, ekmek b\u00f6lmeye ve duaya adad\u0131lar.<br \/>\n\u0130NC\u0130L El\u00e7 2:36\u202d-\u202c42<\/span><\/p>\n<\/div><\/section><br \/>\n\n<style type=\"text\/css\" data-created_by=\"avia_inline_auto\" id=\"style-css-av-5v2ge3-e49c50cf47310ad70a56d38873898390\">\n#top .hr.av-5v2ge3-e49c50cf47310ad70a56d38873898390{\nmargin-top:30px;\nmargin-bottom:30px;\n}\n.hr.av-5v2ge3-e49c50cf47310ad70a56d38873898390 .hr-inner{\nwidth:45%;\nborder-color:rgba(58,140,36,0.76);\nmax-width:45%;\n}\n<\/style>\n<div  class='hr av-5v2ge3-e49c50cf47310ad70a56d38873898390 hr-custom  avia-builder-el-13  el_after_av_textblock  avia-builder-el-last  hr-center hr-icon-yes'><span class='hr-inner inner-border-av-border-thin'><span class=\"hr-inner-style\"><\/span><\/span><span class='av-seperator-icon' aria-hidden='true' data-av_icon='\ue8bf' data-av_iconfont='entypo-fontello'><\/span><span class='hr-inner inner-border-av-border-thin'><span class=\"hr-inner-style\"><\/span><\/span><\/div><\/p><\/div><\/div><!--close column table wrapper. Autoclose: 1 --><\/div><\/div><\/div><!-- close content main div --><\/div><\/div><div id='after_section_2'  class='main_color av_default_container_wrap container_wrap sidebar_right'  ><div class='container av-section-cont-open' ><div class='template-page content  av-content-small alpha units'><div class='post-entry post-entry-type-page post-entry-3531'><div class='entry-content-wrapper clearfix'>\n","protected":false},"excerpt":{"rendered":"","protected":false},"author":2,"featured_media":0,"parent":376,"menu_order":0,"comment_status":"open","ping_status":"open","template":"","meta":{"footnotes":""},"class_list":["post-3531","page","type-page","status-publish","hentry"],"_links":{"self":[{"href":"https:\/\/dirisukilisesi.org\/index.php\/wp-json\/wp\/v2\/pages\/3531","targetHints":{"allow":["GET"]}}],"collection":[{"href":"https:\/\/dirisukilisesi.org\/index.php\/wp-json\/wp\/v2\/pages"}],"about":[{"href":"https:\/\/dirisukilisesi.org\/index.php\/wp-json\/wp\/v2\/types\/page"}],"author":[{"embeddable":true,"href":"https:\/\/dirisukilisesi.org\/index.php\/wp-json\/wp\/v2\/users\/2"}],"replies":[{"embeddable":true,"href":"https:\/\/dirisukilisesi.org\/index.php\/wp-json\/wp\/v2\/comments?post=3531"}],"version-history":[{"count":0,"href":"https:\/\/dirisukilisesi.org\/index.php\/wp-json\/wp\/v2\/pages\/3531\/revisions"}],"up":[{"embeddable":true,"href":"https:\/\/dirisukilisesi.org\/index.php\/wp-json\/wp\/v2\/pages\/376"}],"wp:attachment":[{"href":"https:\/\/dirisukilisesi.org\/index.php\/wp-json\/wp\/v2\/media?parent=3531"}],"curies":[{"name":"wp","href":"https:\/\/api.w.org\/{rel}","templated":true}]}}