{"id":380,"date":"2018-07-12T04:14:49","date_gmt":"2018-07-12T01:14:49","guid":{"rendered":"https:\/\/dirisukilisesi.org\/?page_id=380"},"modified":"2018-10-17T22:53:09","modified_gmt":"2018-10-17T19:53:09","slug":"neden-incile-inandilar","status":"publish","type":"page","link":"https:\/\/dirisukilisesi.org\/index.php\/neden-incile-inandilar\/","title":{"rendered":"Neden \u0130ncil&#8217;e \u0130nand\u0131lar?"},"content":{"rendered":"<div id='av-masonry-1' class='av-masonry av-jk05v58u-efe39c9c6fdc03bce00f6e60eb6dde86 noHover av-flex-size av-large-gap av-hover-overlay-active av-masonry-animation-active av-masonry-col-6 av-caption-always av-caption-style- av-masonry-entries '><div class=\"av-masonry-container isotope av-js-disabled\"><div class='av-masonry-entry isotope-item av-masonry-item-no-image all_sort neden-incile-inandilar_sort '><\/div><a href=\"https:\/\/dirisukilisesi.org\/index.php\/2018\/07\/24\/suzan-altinok\/\"  id='av-masonry-1-item-4158' data-av-masonry-item='4158' class='av-masonry-entry isotope-item post-4158 post type-post status-publish format-standard has-post-thumbnail hentry category-neden-incile-inandilar all_sort neden-incile-inandilar_sort  av-masonry-item-with-image' title=\"SuzanAltinok\"   itemscope=\"itemscope\" itemtype=\"https:\/\/schema.org\/CreativeWork\" ><div class='av-inner-masonry-sizer'><\/div><figure class='av-inner-masonry main_color'><div class=\"av-masonry-outerimage-container\"><div class='av-masonry-image-container'   ><img decoding=\"async\" width=\"705\" height=\"605\" class=\"wp-image-4198 avia-img-lazy-loading-not-4198\"  src=\"https:\/\/dirisukilisesi.org\/wp-content\/uploads\/2018\/07\/SuzanAltinok-705x605.jpg\" title=\"SuzanAltinok\" alt=\"\" srcset=\"https:\/\/dirisukilisesi.org\/wp-content\/uploads\/2018\/07\/SuzanAltinok-705x605.jpg 705w, https:\/\/dirisukilisesi.org\/wp-content\/uploads\/2018\/07\/SuzanAltinok-300x258.jpg 300w, https:\/\/dirisukilisesi.org\/wp-content\/uploads\/2018\/07\/SuzanAltinok-768x659.jpg 768w, https:\/\/dirisukilisesi.org\/wp-content\/uploads\/2018\/07\/SuzanAltinok-450x386.jpg 450w, https:\/\/dirisukilisesi.org\/wp-content\/uploads\/2018\/07\/SuzanAltinok.jpg 770w\" sizes=\"(max-width: 705px) 100vw, 705px\" \/><\/div><\/div><figcaption class='av-inner-masonry-content site-background'><div class='av-inner-masonry-content-pos'><div class='av-inner-masonry-content-pos-content'><div class='avia-arrow'><\/div><h3 class='av-masonry-entry-title entry-title '  itemprop=\"headline\" >Suzan Alt\u0131nok<\/h3><div class='av-masonry-entry-content entry-content'  itemprop=\"text\" >\u201cHastal\u0131\u011f\u0131m\u0131n ilac\u0131 sevin\u00e7ti d\u00fcnyada bulamay\u0131p Rab\u2026<\/div><span class='av-masonry-date meta-color updated'>24 Temmuz 2018<\/span><span class=\"av-masonry-text-sep text-sep-author\">\/<\/span><span class='av-masonry-author meta-color author'><span class='fn'>taraf\u0131ndan Dirisu Kilisesi<\/span><\/span><\/div><\/div><\/figcaption><\/figure><\/a><!--end av-masonry entry--><a href=\"https:\/\/dirisukilisesi.org\/index.php\/2018\/07\/24\/mariya-agabaloglu\/\"  id='av-masonry-1-item-4174' data-av-masonry-item='4174' class='av-masonry-entry isotope-item post-4174 post type-post status-publish format-standard has-post-thumbnail hentry category-neden-incile-inandilar all_sort neden-incile-inandilar_sort  av-masonry-item-with-image' title=\"MariyaAgabaloglu\"   itemscope=\"itemscope\" itemtype=\"https:\/\/schema.org\/CreativeWork\" ><div class='av-inner-masonry-sizer'><\/div><figure class='av-inner-masonry main_color'><div class=\"av-masonry-outerimage-container\"><div class='av-masonry-image-container'   ><img decoding=\"async\" width=\"705\" height=\"605\" class=\"wp-image-4215 avia-img-lazy-loading-not-4215\"  src=\"https:\/\/dirisukilisesi.org\/wp-content\/uploads\/2018\/07\/MariyaAgabaloglu-705x605.jpg\" title=\"MariyaAgabaloglu\" alt=\"\" srcset=\"https:\/\/dirisukilisesi.org\/wp-content\/uploads\/2018\/07\/MariyaAgabaloglu-705x605.jpg 705w, https:\/\/dirisukilisesi.org\/wp-content\/uploads\/2018\/07\/MariyaAgabaloglu-300x258.jpg 300w, https:\/\/dirisukilisesi.org\/wp-content\/uploads\/2018\/07\/MariyaAgabaloglu-768x659.jpg 768w, https:\/\/dirisukilisesi.org\/wp-content\/uploads\/2018\/07\/MariyaAgabaloglu-450x386.jpg 450w, https:\/\/dirisukilisesi.org\/wp-content\/uploads\/2018\/07\/MariyaAgabaloglu.jpg 770w\" sizes=\"(max-width: 705px) 100vw, 705px\" \/><\/div><\/div><figcaption class='av-inner-masonry-content site-background'><div class='av-inner-masonry-content-pos'><div class='av-inner-masonry-content-pos-content'><div class='avia-arrow'><\/div><h3 class='av-masonry-entry-title entry-title '  itemprop=\"headline\" >Mariya A\u011fabalo\u011flu<\/h3><div class='av-masonry-entry-content entry-content'  itemprop=\"text\" >2 \u00e7ocu\u011funu sobadan \u00e7\u0131kan gazla kaybeden Mariya Han\u0131m\u2019\u0131n\u2026<\/div><span class='av-masonry-date meta-color updated'>24 Temmuz 2018<\/span><span class=\"av-masonry-text-sep text-sep-author\">\/<\/span><span class='av-masonry-author meta-color author'><span class='fn'>taraf\u0131ndan Dirisu Kilisesi<\/span><\/span><\/div><\/div><\/figcaption><\/figure><\/a><!--end av-masonry entry--><a href=\"https:\/\/dirisukilisesi.org\/index.php\/2018\/07\/24\/lara-ozharar\/\"  id='av-masonry-1-item-4186' data-av-masonry-item='4186' class='av-masonry-entry isotope-item post-4186 post type-post status-publish format-standard has-post-thumbnail hentry category-neden-incile-inandilar all_sort neden-incile-inandilar_sort  av-masonry-item-with-image' title=\"LaraOzharar\"   itemscope=\"itemscope\" itemtype=\"https:\/\/schema.org\/CreativeWork\" ><div class='av-inner-masonry-sizer'><\/div><figure class='av-inner-masonry main_color'><div class=\"av-masonry-outerimage-container\"><div class='av-masonry-image-container'   ><img decoding=\"async\" width=\"705\" height=\"605\" class=\"wp-image-4201 avia-img-lazy-loading-not-4201\"  src=\"https:\/\/dirisukilisesi.org\/wp-content\/uploads\/2018\/07\/LaraOzharar-705x605.jpg\" title=\"LaraOzharar\" alt=\"\" srcset=\"https:\/\/dirisukilisesi.org\/wp-content\/uploads\/2018\/07\/LaraOzharar-705x605.jpg 705w, https:\/\/dirisukilisesi.org\/wp-content\/uploads\/2018\/07\/LaraOzharar-300x258.jpg 300w, https:\/\/dirisukilisesi.org\/wp-content\/uploads\/2018\/07\/LaraOzharar-768x659.jpg 768w, https:\/\/dirisukilisesi.org\/wp-content\/uploads\/2018\/07\/LaraOzharar-450x386.jpg 450w, https:\/\/dirisukilisesi.org\/wp-content\/uploads\/2018\/07\/LaraOzharar.jpg 770w\" sizes=\"(max-width: 705px) 100vw, 705px\" \/><\/div><\/div><figcaption class='av-inner-masonry-content site-background'><div class='av-inner-masonry-content-pos'><div class='av-inner-masonry-content-pos-content'><div class='avia-arrow'><\/div><h3 class='av-masonry-entry-title entry-title '  itemprop=\"headline\" >Lara \u00d6zharar<\/h3><div class='av-masonry-entry-content entry-content'  itemprop=\"text\" >\u00a0Fizik kanunlar\u0131yla \u00f6l\u00fcms\u00fczl\u00fc\u011f\u00fc bulmaya \u00e7al\u0131\u015f\u0131rken\u2026<\/div><span class='av-masonry-date meta-color updated'>24 Temmuz 2018<\/span><span class=\"av-masonry-text-sep text-sep-author\">\/<\/span><span class='av-masonry-author meta-color author'><span class='fn'>taraf\u0131ndan Dirisu Kilisesi<\/span><\/span><\/div><\/div><\/figcaption><\/figure><\/a><!--end av-masonry entry--><a href=\"https:\/\/dirisukilisesi.org\/index.php\/2018\/07\/24\/kemal\/\"  id='av-masonry-1-item-4171' data-av-masonry-item='4171' class='av-masonry-entry isotope-item post-4171 post type-post status-publish format-standard has-post-thumbnail hentry category-neden-incile-inandilar all_sort neden-incile-inandilar_sort  av-masonry-item-with-image' title=\"Kemal\"   itemscope=\"itemscope\" itemtype=\"https:\/\/schema.org\/CreativeWork\" ><div class='av-inner-masonry-sizer'><\/div><figure class='av-inner-masonry main_color'><div class=\"av-masonry-outerimage-container\"><div class='av-masonry-image-container'   ><img decoding=\"async\" width=\"260\" height=\"260\" class=\"wp-image-6349 avia-img-lazy-loading-not-6349\"  src=\"https:\/\/dirisukilisesi.org\/wp-content\/uploads\/2018\/07\/Kemal.jpg\" title=\"Kemal\" alt=\"\" srcset=\"https:\/\/dirisukilisesi.org\/wp-content\/uploads\/2018\/07\/Kemal.jpg 260w, https:\/\/dirisukilisesi.org\/wp-content\/uploads\/2018\/07\/Kemal-150x150.jpg 150w, https:\/\/dirisukilisesi.org\/wp-content\/uploads\/2018\/07\/Kemal-36x36.jpg 36w, https:\/\/dirisukilisesi.org\/wp-content\/uploads\/2018\/07\/Kemal-180x180.jpg 180w, https:\/\/dirisukilisesi.org\/wp-content\/uploads\/2018\/07\/Kemal-120x120.jpg 120w\" sizes=\"(max-width: 260px) 100vw, 260px\" \/><\/div><\/div><figcaption class='av-inner-masonry-content site-background'><div class='av-inner-masonry-content-pos'><div class='av-inner-masonry-content-pos-content'><div class='avia-arrow'><\/div><h3 class='av-masonry-entry-title entry-title '  itemprop=\"headline\" >Kemal<\/h3><div class='av-masonry-entry-content entry-content'  itemprop=\"text\" >Rab \u0130sa\u2019n\u0131n bir g\u00fcl\u00fcmsemesi Kemalin ya\u015fam\u0131n\u0131 k\u00f6kten\u2026<\/div><span class='av-masonry-date meta-color updated'>24 Temmuz 2018<\/span><span class=\"av-masonry-text-sep text-sep-author\">\/<\/span><span class='av-masonry-author meta-color author'><span class='fn'>taraf\u0131ndan Dirisu Kilisesi<\/span><\/span><\/div><\/div><\/figcaption><\/figure><\/a><!--end av-masonry entry--><a href=\"https:\/\/dirisukilisesi.org\/index.php\/2018\/07\/24\/hediye-baytekin\/\"  id='av-masonry-1-item-4183' data-av-masonry-item='4183' class='av-masonry-entry isotope-item post-4183 post type-post status-publish format-standard has-post-thumbnail hentry category-neden-incile-inandilar all_sort neden-incile-inandilar_sort  av-masonry-item-with-image' title=\"HediyeBaytekin\"   itemscope=\"itemscope\" itemtype=\"https:\/\/schema.org\/CreativeWork\" ><div class='av-inner-masonry-sizer'><\/div><figure class='av-inner-masonry main_color'><div class=\"av-masonry-outerimage-container\"><div class='av-masonry-image-container'   ><img decoding=\"async\" width=\"244\" height=\"260\" class=\"wp-image-6345 avia-img-lazy-loading-not-6345\"  src=\"https:\/\/dirisukilisesi.org\/wp-content\/uploads\/2018\/07\/HediyeBaytekin.jpg\" title=\"HediyeBaytekin\" alt=\"\" \/><\/div><\/div><figcaption class='av-inner-masonry-content site-background'><div class='av-inner-masonry-content-pos'><div class='av-inner-masonry-content-pos-content'><div class='avia-arrow'><\/div><h3 class='av-masonry-entry-title entry-title '  itemprop=\"headline\" >Hediye Baytekin<\/h3><div class='av-masonry-entry-content entry-content'  itemprop=\"text\" >Hediye han\u0131m t\u00fcm g\u00fcnahlar\u0131n\u0131 fark etmeye ba\u015flad\u0131. O g\u00fcne\u2026<\/div><span class='av-masonry-date meta-color updated'>24 Temmuz 2018<\/span><span class=\"av-masonry-text-sep text-sep-author\">\/<\/span><span class='av-masonry-author meta-color author'><span class='fn'>taraf\u0131ndan Dirisu Kilisesi<\/span><\/span><\/div><\/div><\/figcaption><\/figure><\/a><!--end av-masonry entry--><a href=\"https:\/\/dirisukilisesi.org\/index.php\/2018\/07\/24\/gul-peker\/\"  id='av-masonry-1-item-4168' data-av-masonry-item='4168' class='av-masonry-entry isotope-item post-4168 post type-post status-publish format-standard has-post-thumbnail hentry category-neden-incile-inandilar all_sort neden-incile-inandilar_sort  av-masonry-item-with-image' title=\"GulPeker\"   itemscope=\"itemscope\" itemtype=\"https:\/\/schema.org\/CreativeWork\" ><div class='av-inner-masonry-sizer'><\/div><figure class='av-inner-masonry main_color'><div class=\"av-masonry-outerimage-container\"><div class='av-masonry-image-container'   ><img decoding=\"async\" width=\"234\" height=\"260\" class=\"wp-image-6351 avia-img-lazy-loading-not-6351\"  src=\"https:\/\/dirisukilisesi.org\/wp-content\/uploads\/2018\/07\/GulPeker.jpg\" title=\"GulPeker\" alt=\"\" \/><\/div><\/div><figcaption class='av-inner-masonry-content site-background'><div class='av-inner-masonry-content-pos'><div class='av-inner-masonry-content-pos-content'><div class='avia-arrow'><\/div><h3 class='av-masonry-entry-title entry-title '  itemprop=\"headline\" >G\u00fcl Peker<\/h3><div class='av-masonry-entry-content entry-content'  itemprop=\"text\" >\u00a0Kendini g\u00fcnahs\u0131z sanan G\u00fcl Han\u0131m Tanr\u0131\u2019n\u0131n kutsall\u0131\u011f\u0131\u2026<\/div><span class='av-masonry-date meta-color updated'>24 Temmuz 2018<\/span><span class=\"av-masonry-text-sep text-sep-author\">\/<\/span><span class='av-masonry-author meta-color author'><span class='fn'>taraf\u0131ndan Dirisu Kilisesi<\/span><\/span><\/div><\/div><\/figcaption><\/figure><\/a><!--end av-masonry entry--><a href=\"https:\/\/dirisukilisesi.org\/index.php\/2018\/07\/24\/bedri-peker\/\"  id='av-masonry-1-item-4180' data-av-masonry-item='4180' class='av-masonry-entry isotope-item post-4180 post type-post status-publish format-standard has-post-thumbnail hentry category-neden-incile-inandilar all_sort neden-incile-inandilar_sort  av-masonry-item-with-image' title=\"BedriPeker\"   itemscope=\"itemscope\" itemtype=\"https:\/\/schema.org\/CreativeWork\" ><div class='av-inner-masonry-sizer'><\/div><figure class='av-inner-masonry main_color'><div class=\"av-masonry-outerimage-container\"><div class='av-masonry-image-container'   ><img decoding=\"async\" width=\"705\" height=\"605\" class=\"wp-image-4207 avia-img-lazy-loading-not-4207\"  src=\"https:\/\/dirisukilisesi.org\/wp-content\/uploads\/2018\/07\/BedriPeker-705x605.jpg\" title=\"BedriPeker\" alt=\"\" srcset=\"https:\/\/dirisukilisesi.org\/wp-content\/uploads\/2018\/07\/BedriPeker-705x605.jpg 705w, https:\/\/dirisukilisesi.org\/wp-content\/uploads\/2018\/07\/BedriPeker-300x258.jpg 300w, https:\/\/dirisukilisesi.org\/wp-content\/uploads\/2018\/07\/BedriPeker-768x659.jpg 768w, https:\/\/dirisukilisesi.org\/wp-content\/uploads\/2018\/07\/BedriPeker-450x386.jpg 450w, https:\/\/dirisukilisesi.org\/wp-content\/uploads\/2018\/07\/BedriPeker.jpg 770w\" sizes=\"(max-width: 705px) 100vw, 705px\" \/><\/div><\/div><figcaption class='av-inner-masonry-content site-background'><div class='av-inner-masonry-content-pos'><div class='av-inner-masonry-content-pos-content'><div class='avia-arrow'><\/div><h3 class='av-masonry-entry-title entry-title '  itemprop=\"headline\" >Bedri Peker<\/h3><div class='av-masonry-entry-content entry-content'  itemprop=\"text\" >Ya\u015fam\u0131 anlams\u0131z ve bo\u015f bulan Bedri\u2019nin y\u00fcre\u011findeki bo\u015flu\u011fu\u2026<\/div><span class='av-masonry-date meta-color updated'>24 Temmuz 2018<\/span><span class=\"av-masonry-text-sep text-sep-author\">\/<\/span><span class='av-masonry-author meta-color author'><span class='fn'>taraf\u0131ndan Dirisu Kilisesi<\/span><\/span><\/div><\/div><\/figcaption><\/figure><\/a><!--end av-masonry entry--><a href=\"https:\/\/dirisukilisesi.org\/index.php\/2018\/07\/24\/alper-ozharar\/\"  id='av-masonry-1-item-4165' data-av-masonry-item='4165' class='av-masonry-entry isotope-item post-4165 post type-post status-publish format-standard has-post-thumbnail hentry category-neden-incile-inandilar all_sort neden-incile-inandilar_sort  av-masonry-item-with-image' title=\"AlperOzharar\"   itemscope=\"itemscope\" itemtype=\"https:\/\/schema.org\/CreativeWork\" ><div class='av-inner-masonry-sizer'><\/div><figure class='av-inner-masonry main_color'><div class=\"av-masonry-outerimage-container\"><div class='av-masonry-image-container'   ><img decoding=\"async\" width=\"705\" height=\"605\" class=\"wp-image-4203 avia-img-lazy-loading-not-4203\"  src=\"https:\/\/dirisukilisesi.org\/wp-content\/uploads\/2018\/07\/AlperOzharar-705x605.jpg\" title=\"AlperOzharar\" alt=\"\" srcset=\"https:\/\/dirisukilisesi.org\/wp-content\/uploads\/2018\/07\/AlperOzharar-705x605.jpg 705w, https:\/\/dirisukilisesi.org\/wp-content\/uploads\/2018\/07\/AlperOzharar-300x258.jpg 300w, https:\/\/dirisukilisesi.org\/wp-content\/uploads\/2018\/07\/AlperOzharar-768x659.jpg 768w, https:\/\/dirisukilisesi.org\/wp-content\/uploads\/2018\/07\/AlperOzharar-450x386.jpg 450w, https:\/\/dirisukilisesi.org\/wp-content\/uploads\/2018\/07\/AlperOzharar.jpg 770w\" sizes=\"(max-width: 705px) 100vw, 705px\" \/><\/div><\/div><figcaption class='av-inner-masonry-content site-background'><div class='av-inner-masonry-content-pos'><div class='av-inner-masonry-content-pos-content'><div class='avia-arrow'><\/div><h3 class='av-masonry-entry-title entry-title '  itemprop=\"headline\" >Alper \u00d6zharar<\/h3><div class='av-masonry-entry-content entry-content'  itemprop=\"text\" >\u00a0E\u011flence ve gece hayat\u0131ndan d\u00f6n\u00fcp Mesih\u2019in sa\u011flad\u0131\u011f\u0131\u2026<\/div><span class='av-masonry-date meta-color updated'>24 Temmuz 2018<\/span><span class=\"av-masonry-text-sep text-sep-author\">\/<\/span><span class='av-masonry-author meta-color author'><span class='fn'>taraf\u0131ndan Dirisu Kilisesi<\/span><\/span><\/div><\/div><\/figcaption><\/figure><\/a><!--end av-masonry entry--><a href=\"https:\/\/dirisukilisesi.org\/index.php\/2018\/07\/24\/adem-baytekin\/\"  id='av-masonry-1-item-4177' data-av-masonry-item='4177' class='av-masonry-entry isotope-item post-4177 post type-post status-publish format-standard has-post-thumbnail hentry category-neden-incile-inandilar all_sort neden-incile-inandilar_sort  av-masonry-item-with-image' title=\"AdemBaytekin\"   itemscope=\"itemscope\" itemtype=\"https:\/\/schema.org\/CreativeWork\" ><div class='av-inner-masonry-sizer'><\/div><figure class='av-inner-masonry main_color'><div class=\"av-masonry-outerimage-container\"><div class='av-masonry-image-container'   ><img decoding=\"async\" width=\"705\" height=\"605\" class=\"wp-image-4212 avia-img-lazy-loading-not-4212\"  src=\"https:\/\/dirisukilisesi.org\/wp-content\/uploads\/2018\/07\/AdemBaytekin-705x605.jpg\" title=\"AdemBaytekin\" alt=\"\" srcset=\"https:\/\/dirisukilisesi.org\/wp-content\/uploads\/2018\/07\/AdemBaytekin-705x605.jpg 705w, https:\/\/dirisukilisesi.org\/wp-content\/uploads\/2018\/07\/AdemBaytekin-300x258.jpg 300w, https:\/\/dirisukilisesi.org\/wp-content\/uploads\/2018\/07\/AdemBaytekin-768x659.jpg 768w, https:\/\/dirisukilisesi.org\/wp-content\/uploads\/2018\/07\/AdemBaytekin-450x386.jpg 450w, https:\/\/dirisukilisesi.org\/wp-content\/uploads\/2018\/07\/AdemBaytekin.jpg 770w\" sizes=\"(max-width: 705px) 100vw, 705px\" \/><\/div><\/div><figcaption class='av-inner-masonry-content site-background'><div class='av-inner-masonry-content-pos'><div class='av-inner-masonry-content-pos-content'><div class='avia-arrow'><\/div><h3 class='av-masonry-entry-title entry-title '  itemprop=\"headline\" >Adem Baytekin<\/h3><div class='av-masonry-entry-content entry-content'  itemprop=\"text\" >\u00a0Ger\u00e7ek Hristiyanl\u0131\u011f\u0131n ne kadar harika oldu\u011funu anlayan\u2026<\/div><span class='av-masonry-date meta-color updated'>24 Temmuz 2018<\/span><span class=\"av-masonry-text-sep text-sep-author\">\/<\/span><span class='av-masonry-author meta-color author'><span class='fn'>taraf\u0131ndan Dirisu Kilisesi<\/span><\/span><\/div><\/div><\/figcaption><\/figure><\/a><!--end av-masonry entry--><\/div><div class='av-masonry-pagination av-masonry-pagination-pagination'><nav class='pagination'><span class='pagination-meta'>Page 1 of 0<\/span><\/nav>\n<\/div><\/div>\n","protected":false},"excerpt":{"rendered":"","protected":false},"author":2,"featured_media":0,"parent":0,"menu_order":0,"comment_status":"closed","ping_status":"closed","template":"","meta":{"footnotes":""},"class_list":["post-380","page","type-page","status-publish","hentry"],"_links":{"self":[{"href":"https:\/\/dirisukilisesi.org\/index.php\/wp-json\/wp\/v2\/pages\/380","targetHints":{"allow":["GET"]}}],"collection":[{"href":"https:\/\/dirisukilisesi.org\/index.php\/wp-json\/wp\/v2\/pages"}],"about":[{"href":"https:\/\/dirisukilisesi.org\/index.php\/wp-json\/wp\/v2\/types\/page"}],"author":[{"embeddable":true,"href":"https:\/\/dirisukilisesi.org\/index.php\/wp-json\/wp\/v2\/users\/2"}],"replies":[{"embeddable":true,"href":"https:\/\/dirisukilisesi.org\/index.php\/wp-json\/wp\/v2\/comments?post=380"}],"version-history":[{"count":0,"href":"https:\/\/dirisukilisesi.org\/index.php\/wp-json\/wp\/v2\/pages\/380\/revisions"}],"wp:attachment":[{"href":"https:\/\/dirisukilisesi.org\/index.php\/wp-json\/wp\/v2\/media?parent=380"}],"curies":[{"name":"wp","href":"https:\/\/api.w.org\/{rel}","templated":true}]}}