{"id":4451,"date":"2018-07-31T19:03:24","date_gmt":"2018-07-31T16:03:24","guid":{"rendered":"https:\/\/dirisukilisesi.org\/?page_id=4451"},"modified":"2018-10-17T23:05:34","modified_gmt":"2018-10-17T20:05:34","slug":"gorsel-tanikliklar","status":"publish","type":"page","link":"https:\/\/dirisukilisesi.org\/index.php\/gorsel-tanikliklar\/","title":{"rendered":"G\u00f6rsel Tan\u0131kl\u0131klar"},"content":{"rendered":"<div  id=\"avia-magazine-1\"  class='av-magazine av-jk9w68n2-75cb3bac61f22cde2131c5367358a9ae av-magazine-top-bar-active av-magazine-tabs-active  avia-builder-el-0  avia-builder-el-no-sibling   avia-builder-el-0  avia-builder-el-no-sibling ' ><div class='av-magazine-top-bar '><\/div><div class='av-magazine-group sort_all'><article class='av-magazine-entry av-magazine-entry-id-4505 av-magazine-format-standard av-magazine-type-post av-magazine-entry-1 av-magazine-entry-small '  itemscope=\"itemscope\" itemtype=\"https:\/\/schema.org\/CreativeWork\" ><div class=\"av-magazine-thumbnail\"><a href='https:\/\/dirisukilisesi.org\/index.php\/2018\/08\/01\/hakan-tastan\/' title='\u015euraya linkle:  Hakan Ta\u015ftan' class='av-magazine-thumbnail-link'><img decoding=\"async\" width=\"80\" height=\"80\" src=\"https:\/\/dirisukilisesi.org\/wp-content\/uploads\/2018\/08\/HakanTastanTaniklik.jpg\" class=\"wp-image-4506 avia-img-lazy-loading-not-4506 attachment-thumbnail size-thumbnail wp-post-image\" alt=\"\" srcset=\"https:\/\/dirisukilisesi.org\/wp-content\/uploads\/2018\/08\/HakanTastanTaniklik.jpg 100w, https:\/\/dirisukilisesi.org\/wp-content\/uploads\/2018\/08\/HakanTastanTaniklik-36x36.jpg 36w\" sizes=\"(max-width: 80px) 100vw, 80px\" \/><\/a><\/div><div class=\"av-magazine-content-wrap\"><header class=\"entry-content-header\"><time class='av-magazine-time updated'  itemprop=\"datePublished\" datetime=\"2018-08-01T03:26:08+03:00\" >1 A\u011fustos 2018<\/time><h3 class='av-magazine-title entry-title '  itemprop=\"headline\" ><a href='https:\/\/dirisukilisesi.org\/index.php\/2018\/08\/01\/hakan-tastan\/' title='\u015euraya linkle:  Hakan Ta\u015ftan'>Hakan Ta\u015ftan<\/a><\/h3><\/header><\/div><footer class=\"entry-footer\"><\/footer><\/article><article class='av-magazine-entry av-magazine-entry-id-4501 av-magazine-format-standard av-magazine-type-post av-magazine-entry-2 av-magazine-entry-small '  itemscope=\"itemscope\" itemtype=\"https:\/\/schema.org\/CreativeWork\" ><div class=\"av-magazine-thumbnail\"><a href='https:\/\/dirisukilisesi.org\/index.php\/2018\/08\/01\/adem-baytekin-2\/' title='\u015euraya linkle:  Adem Baytekin' class='av-magazine-thumbnail-link'><img decoding=\"async\" width=\"80\" height=\"80\" src=\"https:\/\/dirisukilisesi.org\/wp-content\/uploads\/2018\/08\/AdemBaytekinTaniklik.jpg\" class=\"wp-image-4502 avia-img-lazy-loading-not-4502 attachment-thumbnail size-thumbnail wp-post-image\" alt=\"\" srcset=\"https:\/\/dirisukilisesi.org\/wp-content\/uploads\/2018\/08\/AdemBaytekinTaniklik.jpg 100w, https:\/\/dirisukilisesi.org\/wp-content\/uploads\/2018\/08\/AdemBaytekinTaniklik-36x36.jpg 36w\" sizes=\"(max-width: 80px) 100vw, 80px\" \/><\/a><\/div><div class=\"av-magazine-content-wrap\"><header class=\"entry-content-header\"><time class='av-magazine-time updated'  itemprop=\"datePublished\" datetime=\"2018-08-01T03:23:28+03:00\" >1 A\u011fustos 2018<\/time><h3 class='av-magazine-title entry-title '  itemprop=\"headline\" ><a href='https:\/\/dirisukilisesi.org\/index.php\/2018\/08\/01\/adem-baytekin-2\/' title='\u015euraya linkle:  Adem Baytekin'>Adem Baytekin<\/a><\/h3><\/header><\/div><footer class=\"entry-footer\"><\/footer><\/article><article class='av-magazine-entry av-magazine-entry-id-4497 av-magazine-format-standard av-magazine-type-post av-magazine-entry-3 av-magazine-entry-small '  itemscope=\"itemscope\" itemtype=\"https:\/\/schema.org\/CreativeWork\" ><div class=\"av-magazine-thumbnail\"><a href='https:\/\/dirisukilisesi.org\/index.php\/2018\/08\/01\/lara-ozharar-2\/' title='\u015euraya linkle:  Lara \u00d6zharar' class='av-magazine-thumbnail-link'><img decoding=\"async\" width=\"80\" height=\"80\" src=\"https:\/\/dirisukilisesi.org\/wp-content\/uploads\/2018\/08\/LaraOzhararTaniklik.jpg\" class=\"wp-image-4500 avia-img-lazy-loading-not-4500 attachment-thumbnail size-thumbnail wp-post-image\" alt=\"\" srcset=\"https:\/\/dirisukilisesi.org\/wp-content\/uploads\/2018\/08\/LaraOzhararTaniklik.jpg 100w, https:\/\/dirisukilisesi.org\/wp-content\/uploads\/2018\/08\/LaraOzhararTaniklik-36x36.jpg 36w\" sizes=\"(max-width: 80px) 100vw, 80px\" \/><\/a><\/div><div class=\"av-magazine-content-wrap\"><header class=\"entry-content-header\"><time class='av-magazine-time updated'  itemprop=\"datePublished\" datetime=\"2018-08-01T03:18:05+03:00\" >1 A\u011fustos 2018<\/time><h3 class='av-magazine-title entry-title '  itemprop=\"headline\" ><a href='https:\/\/dirisukilisesi.org\/index.php\/2018\/08\/01\/lara-ozharar-2\/' title='\u015euraya linkle:  Lara \u00d6zharar'>Lara \u00d6zharar<\/a><\/h3><\/header><\/div><footer class=\"entry-footer\"><\/footer><\/article><article class='av-magazine-entry av-magazine-entry-id-4480 av-magazine-format-standard av-magazine-type-post av-magazine-entry-4 av-magazine-entry-small '  itemscope=\"itemscope\" itemtype=\"https:\/\/schema.org\/CreativeWork\" ><div class=\"av-magazine-thumbnail\"><a href='https:\/\/dirisukilisesi.org\/index.php\/2018\/07\/31\/bedri-peker-2\/' title='\u015euraya linkle:  Bedri Peker' class='av-magazine-thumbnail-link'><img decoding=\"async\" width=\"80\" height=\"80\" src=\"https:\/\/dirisukilisesi.org\/wp-content\/uploads\/2018\/07\/BedriPekerTaniklik.jpg\" class=\"wp-image-4518 avia-img-lazy-loading-not-4518 attachment-thumbnail size-thumbnail wp-post-image\" alt=\"\" srcset=\"https:\/\/dirisukilisesi.org\/wp-content\/uploads\/2018\/07\/BedriPekerTaniklik.jpg 100w, https:\/\/dirisukilisesi.org\/wp-content\/uploads\/2018\/07\/BedriPekerTaniklik-36x36.jpg 36w\" sizes=\"(max-width: 80px) 100vw, 80px\" \/><\/a><\/div><div class=\"av-magazine-content-wrap\"><header class=\"entry-content-header\"><time class='av-magazine-time updated'  itemprop=\"datePublished\" datetime=\"2018-07-31T20:19:46+03:00\" >31 Temmuz 2018<\/time><h3 class='av-magazine-title entry-title '  itemprop=\"headline\" ><a href='https:\/\/dirisukilisesi.org\/index.php\/2018\/07\/31\/bedri-peker-2\/' title='\u015euraya linkle:  Bedri Peker'>Bedri Peker<\/a><\/h3><\/header><\/div><footer class=\"entry-footer\"><\/footer><\/article><article class='av-magazine-entry av-magazine-entry-id-4476 av-magazine-format-standard av-magazine-type-post av-magazine-entry-5 av-magazine-entry-small '  itemscope=\"itemscope\" itemtype=\"https:\/\/schema.org\/CreativeWork\" ><div class=\"av-magazine-thumbnail\"><a href='https:\/\/dirisukilisesi.org\/index.php\/2018\/07\/31\/munzur\/' title='\u015euraya linkle:  Munzur' class='av-magazine-thumbnail-link'><img decoding=\"async\" width=\"80\" height=\"80\" src=\"https:\/\/dirisukilisesi.org\/wp-content\/uploads\/2018\/07\/MunzurTaniklik.jpg\" class=\"wp-image-4516 avia-img-lazy-loading-not-4516 attachment-thumbnail size-thumbnail wp-post-image\" alt=\"\" srcset=\"https:\/\/dirisukilisesi.org\/wp-content\/uploads\/2018\/07\/MunzurTaniklik.jpg 100w, https:\/\/dirisukilisesi.org\/wp-content\/uploads\/2018\/07\/MunzurTaniklik-36x36.jpg 36w\" sizes=\"(max-width: 80px) 100vw, 80px\" \/><\/a><\/div><div class=\"av-magazine-content-wrap\"><header class=\"entry-content-header\"><time class='av-magazine-time updated'  itemprop=\"datePublished\" datetime=\"2018-07-31T20:17:02+03:00\" >31 Temmuz 2018<\/time><h3 class='av-magazine-title entry-title '  itemprop=\"headline\" ><a href='https:\/\/dirisukilisesi.org\/index.php\/2018\/07\/31\/munzur\/' title='\u015euraya linkle:  Munzur'>Munzur<\/a><\/h3><\/header><\/div><footer class=\"entry-footer\"><\/footer><\/article><article class='av-magazine-entry av-magazine-entry-id-4472 av-magazine-format-standard av-magazine-type-post av-magazine-entry-6 av-magazine-entry-small '  itemscope=\"itemscope\" itemtype=\"https:\/\/schema.org\/CreativeWork\" ><div class=\"av-magazine-thumbnail\"><a href='https:\/\/dirisukilisesi.org\/index.php\/2018\/07\/31\/alper-ozharar-2\/' title='\u015euraya linkle:  Alper \u00d6zharar' class='av-magazine-thumbnail-link'><img decoding=\"async\" width=\"80\" height=\"80\" src=\"https:\/\/dirisukilisesi.org\/wp-content\/uploads\/2018\/07\/AlperOzhararTaniklik.jpg\" class=\"wp-image-4514 avia-img-lazy-loading-not-4514 attachment-thumbnail size-thumbnail wp-post-image\" alt=\"\" srcset=\"https:\/\/dirisukilisesi.org\/wp-content\/uploads\/2018\/07\/AlperOzhararTaniklik.jpg 100w, https:\/\/dirisukilisesi.org\/wp-content\/uploads\/2018\/07\/AlperOzhararTaniklik-36x36.jpg 36w\" sizes=\"(max-width: 80px) 100vw, 80px\" \/><\/a><\/div><div class=\"av-magazine-content-wrap\"><header class=\"entry-content-header\"><time class='av-magazine-time updated'  itemprop=\"datePublished\" datetime=\"2018-07-31T20:08:32+03:00\" >31 Temmuz 2018<\/time><h3 class='av-magazine-title entry-title '  itemprop=\"headline\" ><a href='https:\/\/dirisukilisesi.org\/index.php\/2018\/07\/31\/alper-ozharar-2\/' title='\u015euraya linkle:  Alper \u00d6zharar'>Alper \u00d6zharar<\/a><\/h3><\/header><\/div><footer class=\"entry-footer\"><\/footer><\/article><article class='av-magazine-entry av-magazine-entry-id-4466 av-magazine-format-standard av-magazine-type-post av-magazine-entry-7 av-magazine-entry-small '  itemscope=\"itemscope\" itemtype=\"https:\/\/schema.org\/CreativeWork\" ><div class=\"av-magazine-thumbnail\"><a href='https:\/\/dirisukilisesi.org\/index.php\/2018\/07\/31\/ahmet-guvener\/' title='\u015euraya linkle:  Ahmet G\u00fcvener' class='av-magazine-thumbnail-link'><img decoding=\"async\" width=\"80\" height=\"80\" src=\"https:\/\/dirisukilisesi.org\/wp-content\/uploads\/2018\/07\/AhmetGuvenerTaniklik.jpg\" class=\"wp-image-4512 avia-img-lazy-loading-not-4512 attachment-thumbnail size-thumbnail wp-post-image\" alt=\"\" srcset=\"https:\/\/dirisukilisesi.org\/wp-content\/uploads\/2018\/07\/AhmetGuvenerTaniklik.jpg 100w, https:\/\/dirisukilisesi.org\/wp-content\/uploads\/2018\/07\/AhmetGuvenerTaniklik-36x36.jpg 36w\" sizes=\"(max-width: 80px) 100vw, 80px\" \/><\/a><\/div><div class=\"av-magazine-content-wrap\"><header class=\"entry-content-header\"><time class='av-magazine-time updated'  itemprop=\"datePublished\" datetime=\"2018-07-31T20:02:41+03:00\" >31 Temmuz 2018<\/time><h3 class='av-magazine-title entry-title '  itemprop=\"headline\" ><a href='https:\/\/dirisukilisesi.org\/index.php\/2018\/07\/31\/ahmet-guvener\/' title='\u015euraya linkle:  Ahmet G\u00fcvener'>Ahmet G\u00fcvener<\/a><\/h3><\/header><\/div><footer class=\"entry-footer\"><\/footer><\/article><article class='av-magazine-entry av-magazine-entry-id-4457 av-magazine-format-standard av-magazine-type-post av-magazine-entry-8 av-magazine-entry-small '  itemscope=\"itemscope\" itemtype=\"https:\/\/schema.org\/CreativeWork\" ><div class=\"av-magazine-thumbnail\"><a href='https:\/\/dirisukilisesi.org\/index.php\/2018\/07\/31\/suzan-altinok-2\/' title='\u015euraya linkle:  Suzan Alt\u0131nok' class='av-magazine-thumbnail-link'><img decoding=\"async\" width=\"80\" height=\"80\" src=\"https:\/\/dirisukilisesi.org\/wp-content\/uploads\/2018\/07\/SuzanAltinokTaniklik.jpg\" class=\"wp-image-4510 avia-img-lazy-loading-not-4510 attachment-thumbnail size-thumbnail wp-post-image\" alt=\"\" srcset=\"https:\/\/dirisukilisesi.org\/wp-content\/uploads\/2018\/07\/SuzanAltinokTaniklik.jpg 100w, https:\/\/dirisukilisesi.org\/wp-content\/uploads\/2018\/07\/SuzanAltinokTaniklik-36x36.jpg 36w\" sizes=\"(max-width: 80px) 100vw, 80px\" \/><\/a><\/div><div class=\"av-magazine-content-wrap\"><header class=\"entry-content-header\"><time class='av-magazine-time updated'  itemprop=\"datePublished\" datetime=\"2018-07-31T19:24:36+03:00\" >31 Temmuz 2018<\/time><h3 class='av-magazine-title entry-title '  itemprop=\"headline\" ><a href='https:\/\/dirisukilisesi.org\/index.php\/2018\/07\/31\/suzan-altinok-2\/' title='\u015euraya linkle:  Suzan Alt\u0131nok'>Suzan Alt\u0131nok<\/a><\/h3><\/header><\/div><footer class=\"entry-footer\"><\/footer><\/article><\/div><\/div>\n","protected":false},"excerpt":{"rendered":"","protected":false},"author":2,"featured_media":0,"parent":0,"menu_order":0,"comment_status":"closed","ping_status":"closed","template":"","meta":{"footnotes":""},"class_list":["post-4451","page","type-page","status-publish","hentry"],"_links":{"self":[{"href":"https:\/\/dirisukilisesi.org\/index.php\/wp-json\/wp\/v2\/pages\/4451","targetHints":{"allow":["GET"]}}],"collection":[{"href":"https:\/\/dirisukilisesi.org\/index.php\/wp-json\/wp\/v2\/pages"}],"about":[{"href":"https:\/\/dirisukilisesi.org\/index.php\/wp-json\/wp\/v2\/types\/page"}],"author":[{"embeddable":true,"href":"https:\/\/dirisukilisesi.org\/index.php\/wp-json\/wp\/v2\/users\/2"}],"replies":[{"embeddable":true,"href":"https:\/\/dirisukilisesi.org\/index.php\/wp-json\/wp\/v2\/comments?post=4451"}],"version-history":[{"count":0,"href":"https:\/\/dirisukilisesi.org\/index.php\/wp-json\/wp\/v2\/pages\/4451\/revisions"}],"wp:attachment":[{"href":"https:\/\/dirisukilisesi.org\/index.php\/wp-json\/wp\/v2\/media?parent=4451"}],"curies":[{"name":"wp","href":"https:\/\/api.w.org\/{rel}","templated":true}]}}