{"id":5839,"date":"2018-11-06T22:46:26","date_gmt":"2018-11-06T19:46:26","guid":{"rendered":"https:\/\/dirisukilisesi.org\/?page_id=5839"},"modified":"2018-11-06T22:48:46","modified_gmt":"2018-11-06T19:48:46","slug":"incil-calisma-gruplari","status":"publish","type":"page","link":"https:\/\/dirisukilisesi.org\/index.php\/incil-calisma-gruplari\/","title":{"rendered":"\u0130ncil \u00c7al\u0131\u015fma Gruplar\u0131"},"content":{"rendered":"<div  class='avia-slideshow av-jo65a4fr-f33ecc72695fa0d7e3ab07b53cd71a4c avia-slideshow-featured_large av_slideshow avia-slide-slider  avia-builder-el-0  avia-builder-el-no-sibling  av-slideshow-ui av-control-default av-slideshow-autoplay av-loop-endless av-loop-manual-endless av-default-height-applied avia-slideshow-1' data-slideshow-options=\"{&quot;animation&quot;:&quot;slide&quot;,&quot;autoplay&quot;:true,&quot;loop_autoplay&quot;:&quot;endless&quot;,&quot;interval&quot;:5,&quot;loop_manual&quot;:&quot;manual-endless&quot;,&quot;autoplay_stopper&quot;:false,&quot;noNavigation&quot;:false,&quot;bg_slider&quot;:false,&quot;keep_padding&quot;:false,&quot;hoverpause&quot;:false,&quot;show_slide_delay&quot;:0}\"  itemprop=\"image\" itemscope=\"itemscope\" itemtype=\"https:\/\/schema.org\/ImageObject\" ><ul class='avia-slideshow-inner ' style='padding-bottom: 42%;'><li  class='avia-slideshow-slide av-jo65a4fr-f33ecc72695fa0d7e3ab07b53cd71a4c__0  slide-1 slide-odd'><div data-rel='slideshow-1' class='avia-slide-wrap '   ><img decoding=\"async\" class=\"wp-image-5834 avia-img-lazy-loading-not-5834\"  src=\"https:\/\/dirisukilisesi.org\/wp-content\/uploads\/2018\/11\/01-1-1500x630.jpg\" width=\"1500\" height=\"630\" title='01' alt=''  itemprop=\"thumbnailUrl\"   \/><\/div><\/li><li  class='avia-slideshow-slide av-jo65a4fr-f33ecc72695fa0d7e3ab07b53cd71a4c__1  slide-2 slide-even'><div data-rel='slideshow-1' class='avia-slide-wrap '   ><img decoding=\"async\" class=\"wp-image-5835 avia-img-lazy-loading-not-5835\"  src=\"https:\/\/dirisukilisesi.org\/wp-content\/uploads\/2018\/11\/02-1500x630.jpg\" width=\"1500\" height=\"630\" title='02' alt=''  itemprop=\"thumbnailUrl\"   \/><\/div><\/li><li  class='avia-slideshow-slide av-jo65a4fr-f33ecc72695fa0d7e3ab07b53cd71a4c__2  slide-3 slide-odd'><div data-rel='slideshow-1' class='avia-slide-wrap '   ><img decoding=\"async\" class=\"wp-image-5836 avia-img-lazy-loading-not-5836\"  src=\"https:\/\/dirisukilisesi.org\/wp-content\/uploads\/2018\/11\/03-1500x630.jpg\" width=\"1500\" height=\"630\" title='03' alt=''  itemprop=\"thumbnailUrl\"   \/><\/div><\/li><li  class='avia-slideshow-slide av-jo65a4fr-f33ecc72695fa0d7e3ab07b53cd71a4c__3  slide-4 slide-even'><div data-rel='slideshow-1' class='avia-slide-wrap '   ><img decoding=\"async\" class=\"wp-image-5837 avia-img-lazy-loading-not-5837\"  src=\"https:\/\/dirisukilisesi.org\/wp-content\/uploads\/2018\/11\/04-1500x630.jpg\" width=\"1500\" height=\"630\" title='04' alt=''  itemprop=\"thumbnailUrl\"   \/><\/div><\/li><li  class='avia-slideshow-slide av-jo65a4fr-f33ecc72695fa0d7e3ab07b53cd71a4c__4  slide-5 slide-odd'><div data-rel='slideshow-1' class='avia-slide-wrap '   ><img decoding=\"async\" class=\"wp-image-5838 avia-img-lazy-loading-not-5838\"  src=\"https:\/\/dirisukilisesi.org\/wp-content\/uploads\/2018\/11\/05-1500x630.jpg\" width=\"1500\" height=\"630\" title='05' alt=''  itemprop=\"thumbnailUrl\"   \/><\/div><\/li><\/ul><div class='avia-slideshow-arrows avia-slideshow-controls' ><a href='#prev' class='prev-slide ' aria-hidden='true' data-av_icon='\ue87c' data-av_iconfont='entypo-fontello'  tabindex='-1'>\u00d6nceki<\/a><a href='#next' class='next-slide ' aria-hidden='true' data-av_icon='\ue87d' data-av_iconfont='entypo-fontello'  tabindex='-1'>Sonraki<\/a><\/div><div class='avia-slideshow-dots avia-slideshow-controls'><a href='#1' class='goto-slide active' >1<\/a><a href='#2' class='goto-slide ' >2<\/a><a href='#3' class='goto-slide ' >3<\/a><a href='#4' class='goto-slide ' >4<\/a><a href='#5' class='goto-slide ' >5<\/a><\/div><\/div>\n","protected":false},"excerpt":{"rendered":"","protected":false},"author":2,"featured_media":0,"parent":0,"menu_order":0,"comment_status":"closed","ping_status":"closed","template":"","meta":{"footnotes":""},"class_list":["post-5839","page","type-page","status-publish","hentry"],"_links":{"self":[{"href":"https:\/\/dirisukilisesi.org\/index.php\/wp-json\/wp\/v2\/pages\/5839","targetHints":{"allow":["GET"]}}],"collection":[{"href":"https:\/\/dirisukilisesi.org\/index.php\/wp-json\/wp\/v2\/pages"}],"about":[{"href":"https:\/\/dirisukilisesi.org\/index.php\/wp-json\/wp\/v2\/types\/page"}],"author":[{"embeddable":true,"href":"https:\/\/dirisukilisesi.org\/index.php\/wp-json\/wp\/v2\/users\/2"}],"replies":[{"embeddable":true,"href":"https:\/\/dirisukilisesi.org\/index.php\/wp-json\/wp\/v2\/comments?post=5839"}],"version-history":[{"count":0,"href":"https:\/\/dirisukilisesi.org\/index.php\/wp-json\/wp\/v2\/pages\/5839\/revisions"}],"wp:attachment":[{"href":"https:\/\/dirisukilisesi.org\/index.php\/wp-json\/wp\/v2\/media?parent=5839"}],"curies":[{"name":"wp","href":"https:\/\/api.w.org\/{rel}","templated":true}]}}